{"id":211,"date":"2019-06-11T11:20:09","date_gmt":"2019-06-11T09:20:09","guid":{"rendered":"http:\/\/santaolivia.com\/?page_id=211"},"modified":"2019-06-11T11:21:07","modified_gmt":"2019-06-11T09:21:07","slug":"origen-de-la-compania-2","status":"publish","type":"page","link":"https:\/\/santaolivia.com\/index.php\/origen-de-la-compania-2\/","title":{"rendered":"Origen de la compa\u00f1\u00eda"},"content":{"rendered":"\n<hr class=\"wp-block-separator\"\/>\n\n\n\n<div class=\"padreProceso\">\n   <div class=\"hijoProceso\">\n     <div class=\"texto\"> \n       <p class=\"parrafo\"> Con una experiencia en el sector de la producci\u00f3n de aceite de oliva de m\u00e1s de treinta a\u00f1os, nace una compa\u00f1\u00eda basada en el respeto a la tradici\u00f3n en la obtenci\u00f3n y tratamiento del aceite y una moderna puesta en el mercado. La compa\u00f1\u00eda tiene una clara vocaci\u00f3n en la comercializaci\u00f3n internacional del aceite, para que pueda llegar su cultura fuera de nuestras fronteras.<\/br>\n<\/br>\nLa Compa\u00f1\u00eda SANTA OLIVIA garantiza que el aceite de oliva virgen extra, en su contenido es aut\u00e9ntico zumo natural procedente de la aceituna de la zona de los montes orientales de Granada, variedad llamada Picual, y una de las m\u00e1s importantes del mundo.<\/p>\n     <\/div>\n   <\/div>\n<\/div>\n\n\n\n<hr class=\"wp-block-separator\"\/>\n\n\n\n<div class=\"wp-block-columns has-3-columns is-layout-flex wp-container-core-columns-is-layout-9d6595d7 wp-block-columns-is-layout-flex\">\n<div class=\"wp-block-column is-layout-flow wp-block-column-is-layout-flow\">\n<figure class=\"wp-block-image is-resized\"><a href=\"https:\/\/santaolivia.com\/index.php\/proceso-de-obtencion-del-aceite-virgen-extra\/\"><img loading=\"lazy\" decoding=\"async\" src=\"https:\/\/santaolivia.com\/wp-content\/uploads\/2019\/05\/boton-SO-2-elaboracion2.jpg\" alt=\"\" class=\"wp-image-72\" width=\"337\" height=\"222\" border=\"1px\"\/><\/a><\/figure>\n<\/div>\n\n\n\n<div class=\"wp-block-column is-layout-flow wp-block-column-is-layout-flow\">\n<figure class=\"wp-block-image is-resized\"><a href=\"https:\/\/santaolivia.com\/index.php\/tiendas-y-entidades-asociadas\/\"><img loading=\"lazy\" decoding=\"async\" src=\"https:\/\/santaolivia.com\/wp-content\/uploads\/2019\/05\/boton-SO-2-socios.jpg\" alt=\"\" class=\"wp-image-73\" width=\"338\" height=\"222\" border=\"1px\"\/><\/a><\/figure>\n<\/div>\n\n\n\n<div class=\"wp-block-column is-layout-flow wp-block-column-is-layout-flow\">\n<figure class=\"wp-block-image is-resized\"><a href=\"https:\/\/santaolivia.com\/index.php\/santa-olivia\/olive-tree-over-white-3\/\"><img loading=\"lazy\" decoding=\"async\" src=\"https:\/\/santaolivia.com\/wp-content\/uploads\/2019\/05\/boton-SO-2-tienda.jpg\" alt=\"\" class=\"wp-image-74\" width=\"340\" height=\"224\" border=\"1px\"\/><\/a><\/figure>\n<\/div>\n<\/div>\n","protected":false},"excerpt":{"rendered":"<p>Con una experiencia en el sector de la producci\u00f3n de aceite de oliva de m\u00e1s de treinta a\u00f1os, nace una compa\u00f1\u00eda basada en el respeto a la tradici\u00f3n en la obtenci\u00f3n y tratamiento del aceite y una moderna puesta en el mercado. La compa\u00f1\u00eda tiene una clara vocaci\u00f3n en la comercializaci\u00f3n internacional del aceite, para&hellip;<\/p>\n","protected":false},"author":1,"featured_media":0,"parent":0,"menu_order":0,"comment_status":"closed","ping_status":"closed","template":"","meta":{"footnotes":""},"class_list":["post-211","page","type-page","status-publish","hentry"],"jetpack_sharing_enabled":true,"_links":{"self":[{"href":"https:\/\/santaolivia.com\/index.php\/wp-json\/wp\/v2\/pages\/211","targetHints":{"allow":["GET"]}}],"collection":[{"href":"https:\/\/santaolivia.com\/index.php\/wp-json\/wp\/v2\/pages"}],"about":[{"href":"https:\/\/santaolivia.com\/index.php\/wp-json\/wp\/v2\/types\/page"}],"author":[{"embeddable":true,"href":"https:\/\/santaolivia.com\/index.php\/wp-json\/wp\/v2\/users\/1"}],"replies":[{"embeddable":true,"href":"https:\/\/santaolivia.com\/index.php\/wp-json\/wp\/v2\/comments?post=211"}],"version-history":[{"count":2,"href":"https:\/\/santaolivia.com\/index.php\/wp-json\/wp\/v2\/pages\/211\/revisions"}],"predecessor-version":[{"id":214,"href":"https:\/\/santaolivia.com\/index.php\/wp-json\/wp\/v2\/pages\/211\/revisions\/214"}],"wp:attachment":[{"href":"https:\/\/santaolivia.com\/index.php\/wp-json\/wp\/v2\/media?parent=211"}],"curies":[{"name":"wp","href":"https:\/\/api.w.org\/{rel}","templated":true}]}}